{"id":62,"date":"2026-04-02T15:55:43","date_gmt":"2026-04-02T13:55:43","guid":{"rendered":"https:\/\/wp13.cours-copm2061.helha.be\/?page_id=62"},"modified":"2026-04-03T10:06:08","modified_gmt":"2026-04-03T08:06:08","slug":"vous-nous","status":"publish","type":"page","link":"https:\/\/wp13.cours-copm2061.helha.be\/?page_id=62","title":{"rendered":"Vous &amp; nous"},"content":{"rendered":"\n<h2 class=\"wp-block-heading\">Nous partageons une v\u00e9ritable aventure ! <\/h2>\n\n\n\n<p>Chaque jour, vous faites vivre La Baguette. Vos sourires, vos moments entre amis et vos pauses gourmandes sont au c\u0153ur de notre aventure. Nous sommes une v\u00e9ritable communaut\u00e9. Chaque client fait partie de notre aventure et contribue \u00e0 faire vivre notre univers parisien au quotidien.<\/p>\n\n\n\n<h2 class=\"wp-block-heading\">Des concours pour vous faire plaisir !<\/h2>\n\n\n\n<figure class=\"wp-block-image size-full\"><img loading=\"lazy\" decoding=\"async\" width=\"983\" height=\"646\" src=\"https:\/\/wp13.cours-copm2061.helha.be\/wp-content\/uploads\/2026\/04\/concours-im.png\" alt=\"Vous et nous\" class=\"wp-image-71\" srcset=\"https:\/\/wp13.cours-copm2061.helha.be\/wp-content\/uploads\/2026\/04\/concours-im.png 983w, https:\/\/wp13.cours-copm2061.helha.be\/wp-content\/uploads\/2026\/04\/concours-im-300x197.png 300w, https:\/\/wp13.cours-copm2061.helha.be\/wp-content\/uploads\/2026\/04\/concours-im-768x505.png 768w\" sizes=\"auto, (max-width: 983px) 100vw, 983px\" \/><\/figure>\n\n\n\n<p>Parce que votre fid\u00e9lit\u00e9 compte, il y&rsquo;a r\u00e9guli\u00e8rement des concours sur <a href=\"https:\/\/www.nosreseauxsociauxlabaguette.be\">nos r\u00e9seaux sociaux<\/a>. <\/p>\n\n\n\n<p>A la cl\u00e9 ? Des surprises originales comme nos fameuses peluche sandwich, des goodies exclusifs, des r\u00e9ductions ou l&rsquo;ajout d&rsquo;un sandwich temporaire selon tes go\u00fbts !<\/p>\n\n\n\n<h2 class=\"wp-block-heading\">Votre avis change tout<\/h2>\n\n\n\n<p>Votre avis est essentiel pour nous. Gr\u00e2ce \u00e0 vos retours, La Baguette am\u00e9liore constamment notre menu et votre exp\u00e9rience. <\/p>\n\n\n\n<p>Par exemple, certains produits ont \u00e9t\u00e9 modifi\u00e9s ou retir\u00e9s suite \u00e0 vos suggestions, tandis que d&rsquo;autres, comme notre sandwich \u00e0 la truffe, ont vu le jour gr\u00e2ce \u00e0 vos vote sur nos r\u00e9seaux sociaux. C&rsquo;est aussi gr\u00e2ce \u00e0 <a href=\"https:\/\/wp13.cours-copm2061.helha.be\/?page_id=13\">notre formulaire de satisfaction<\/a>. <\/p>\n\n\n\n<h2 class=\"wp-block-heading\">Concr\u00e8tement vous &amp; nous c&rsquo;est quoi ? <\/h2>\n\n\n\n<p>Chaque jour, nous aimons partager des moments simples mais unique avec vous. Que ce soit entre deux cours, lors d&rsquo;une pause rapide ou d&rsquo;un moment entre amis, notre foodtruck devient un v\u00e9ritable lieu de vie et d&rsquo;\u00e9change.<\/p>\n\n\n\n<p>Voir nos clients revenir, discuter avec nous, tester de nouvelles recettes et surtout partager leur exp\u00e9rience est un plaisir. Vos retours, vos sourires et votre fid\u00e9lit\u00e9 donnent du sens \u00e0 notre projet et motivent la team \u00e0 aller toujours plus loin.<\/p>\n\n\n\n<p>La Baguette met \u00e9galement en avant notre communaut\u00e9 \u00e0 travers notre site internet, en partageant vos photos, vos avis et vos moments pass\u00e9s chez nous. Cela permet de cr\u00e9er un lien r\u00e9el au-del\u00e0 d&rsquo;un simple achat. <\/p>\n\n\n\n<p>Chez La Baguette, vous ne venez pas seulement manger un sandwich. Vous faites partie d&rsquo;une exp\u00e9rience conviviale et chaleureuse, inspir\u00e9e de l&rsquo;ambiance qu&rsquo;on a connu \u00e0 Paris <\/p>\n\n\n\n<h2 class=\"wp-block-heading\">Vous &amp; nous en photo <\/h2>\n\n\n\n<figure class=\"wp-block-image size-full\"><img loading=\"lazy\" decoding=\"async\" width=\"962\" height=\"572\" src=\"https:\/\/wp13.cours-copm2061.helha.be\/wp-content\/uploads\/2026\/04\/Vous-nous.png\" alt=\"vous et nous\" class=\"wp-image-72\" srcset=\"https:\/\/wp13.cours-copm2061.helha.be\/wp-content\/uploads\/2026\/04\/Vous-nous.png 962w, https:\/\/wp13.cours-copm2061.helha.be\/wp-content\/uploads\/2026\/04\/Vous-nous-300x178.png 300w, https:\/\/wp13.cours-copm2061.helha.be\/wp-content\/uploads\/2026\/04\/Vous-nous-768x457.png 768w\" sizes=\"auto, (max-width: 962px) 100vw, 962px\" \/><\/figure>\n","protected":false},"excerpt":{"rendered":"<p>Nous partageons une v\u00e9ritable aventure ! Chaque jour, vous faites vivre La Baguette. Vos sourires, vos moments entre amis et vos pauses gourmandes sont au c\u0153ur de notre aventure. Nous sommes une v\u00e9ritable communaut\u00e9. Chaque client fait partie de notre aventure et contribue \u00e0 faire vivre notre univers parisien au quotidien. Des concours pour vous [&hellip;]<\/p>\n","protected":false},"author":1,"featured_media":0,"parent":0,"menu_order":0,"comment_status":"closed","ping_status":"closed","template":"","meta":{"footnotes":""},"class_list":["post-62","page","type-page","status-publish","hentry"],"yoast_head":"<!-- This site is optimized with the Yoast SEO plugin v27.2 - https:\/\/yoast.com\/product\/yoast-seo-wordpress\/ -->\n<title>Vous &amp; nous - La Baguette foodtruck sur le campus de la HELHa.<\/title>\n<meta name=\"description\" content=\"D\u00e9couvrez la page vous &amp; nous de La Baguette Foodtruck : concours, moments partag\u00e9s et avis de notre communaut\u00e9. Votre exp\u00e9rience compte.\" \/>\n<meta name=\"robots\" content=\"index, follow, max-snippet:-1, max-image-preview:large, max-video-preview:-1\" \/>\n<link rel=\"canonical\" href=\"https:\/\/wp13.cours-copm2061.helha.be\/?page_id=62\" \/>\n<meta property=\"og:locale\" content=\"fr_FR\" \/>\n<meta property=\"og:type\" content=\"article\" \/>\n<meta property=\"og:title\" content=\"Vous &amp; nous - La Baguette foodtruck sur le campus de la HELHa.\" \/>\n<meta property=\"og:description\" content=\"D\u00e9couvrez la page vous &amp; nous de La Baguette Foodtruck : concours, moments partag\u00e9s et avis de notre communaut\u00e9. Votre exp\u00e9rience compte.\" \/>\n<meta property=\"og:url\" content=\"https:\/\/wp13.cours-copm2061.helha.be\/?page_id=62\" \/>\n<meta property=\"og:site_name\" content=\"La Baguette\" \/>\n<meta property=\"article:modified_time\" content=\"2026-04-03T08:06:08+00:00\" \/>\n<meta property=\"og:image\" content=\"https:\/\/wp13.cours-copm2061.helha.be\/wp-content\/uploads\/2026\/04\/concours-im.png\" \/>\n\t<meta property=\"og:image:width\" content=\"983\" \/>\n\t<meta property=\"og:image:height\" content=\"646\" \/>\n\t<meta property=\"og:image:type\" content=\"image\/png\" \/>\n<meta name=\"twitter:card\" content=\"summary_large_image\" \/>\n<meta name=\"twitter:label1\" content=\"Dur\u00e9e de lecture estim\u00e9e\" \/>\n\t<meta name=\"twitter:data1\" content=\"2 minutes\" \/>\n<script type=\"application\/ld+json\" class=\"yoast-schema-graph\">{\"@context\":\"https:\/\/schema.org\",\"@graph\":[{\"@type\":\"WebPage\",\"@id\":\"https:\/\/wp13.cours-copm2061.helha.be\/?page_id=62\",\"url\":\"https:\/\/wp13.cours-copm2061.helha.be\/?page_id=62\",\"name\":\"Vous & nous - La Baguette foodtruck sur le campus de la HELHa.\",\"isPartOf\":{\"@id\":\"https:\/\/wp13.cours-copm2061.helha.be\/#website\"},\"primaryImageOfPage\":{\"@id\":\"https:\/\/wp13.cours-copm2061.helha.be\/?page_id=62#primaryimage\"},\"image\":{\"@id\":\"https:\/\/wp13.cours-copm2061.helha.be\/?page_id=62#primaryimage\"},\"thumbnailUrl\":\"https:\/\/wp13.cours-copm2061.helha.be\/wp-content\/uploads\/2026\/04\/concours-im.png\",\"datePublished\":\"2026-04-02T13:55:43+00:00\",\"dateModified\":\"2026-04-03T08:06:08+00:00\",\"description\":\"D\u00e9couvrez la page vous & nous de La Baguette Foodtruck : concours, moments partag\u00e9s et avis de notre communaut\u00e9. Votre exp\u00e9rience compte.\",\"breadcrumb\":{\"@id\":\"https:\/\/wp13.cours-copm2061.helha.be\/?page_id=62#breadcrumb\"},\"inLanguage\":\"fr-FR\",\"potentialAction\":[{\"@type\":\"ReadAction\",\"target\":[\"https:\/\/wp13.cours-copm2061.helha.be\/?page_id=62\"]}]},{\"@type\":\"ImageObject\",\"inLanguage\":\"fr-FR\",\"@id\":\"https:\/\/wp13.cours-copm2061.helha.be\/?page_id=62#primaryimage\",\"url\":\"https:\/\/wp13.cours-copm2061.helha.be\/wp-content\/uploads\/2026\/04\/concours-im.png\",\"contentUrl\":\"https:\/\/wp13.cours-copm2061.helha.be\/wp-content\/uploads\/2026\/04\/concours-im.png\",\"width\":983,\"height\":646},{\"@type\":\"BreadcrumbList\",\"@id\":\"https:\/\/wp13.cours-copm2061.helha.be\/?page_id=62#breadcrumb\",\"itemListElement\":[{\"@type\":\"ListItem\",\"position\":1,\"name\":\"Accueil\",\"item\":\"https:\/\/wp13.cours-copm2061.helha.be\/\"},{\"@type\":\"ListItem\",\"position\":2,\"name\":\"Vous &amp; nous\"}]},{\"@type\":\"WebSite\",\"@id\":\"https:\/\/wp13.cours-copm2061.helha.be\/#website\",\"url\":\"https:\/\/wp13.cours-copm2061.helha.be\/\",\"name\":\"La Baguette\",\"description\":\"Viens me croquer\",\"publisher\":{\"@id\":\"https:\/\/wp13.cours-copm2061.helha.be\/#organization\"},\"potentialAction\":[{\"@type\":\"SearchAction\",\"target\":{\"@type\":\"EntryPoint\",\"urlTemplate\":\"https:\/\/wp13.cours-copm2061.helha.be\/?s={search_term_string}\"},\"query-input\":{\"@type\":\"PropertyValueSpecification\",\"valueRequired\":true,\"valueName\":\"search_term_string\"}}],\"inLanguage\":\"fr-FR\"},{\"@type\":\"Organization\",\"@id\":\"https:\/\/wp13.cours-copm2061.helha.be\/#organization\",\"name\":\"La Baguette\",\"url\":\"https:\/\/wp13.cours-copm2061.helha.be\/\",\"logo\":{\"@type\":\"ImageObject\",\"inLanguage\":\"fr-FR\",\"@id\":\"https:\/\/wp13.cours-copm2061.helha.be\/#\/schema\/logo\/image\/\",\"url\":\"https:\/\/wp13.cours-copm2061.helha.be\/wp-content\/uploads\/2026\/04\/Agence-Voyage-Logo-Entreprise-Marque-Identite-Rose-Rouge-1.png\",\"contentUrl\":\"https:\/\/wp13.cours-copm2061.helha.be\/wp-content\/uploads\/2026\/04\/Agence-Voyage-Logo-Entreprise-Marque-Identite-Rose-Rouge-1.png\",\"width\":2000,\"height\":2000,\"caption\":\"La Baguette\"},\"image\":{\"@id\":\"https:\/\/wp13.cours-copm2061.helha.be\/#\/schema\/logo\/image\/\"}}]}<\/script>\n<!-- \/ Yoast SEO plugin. -->","yoast_head_json":{"title":"Vous & nous - La Baguette foodtruck sur le campus de la HELHa.","description":"D\u00e9couvrez la page vous & nous de La Baguette Foodtruck : concours, moments partag\u00e9s et avis de notre communaut\u00e9. Votre exp\u00e9rience compte.","robots":{"index":"index","follow":"follow","max-snippet":"max-snippet:-1","max-image-preview":"max-image-preview:large","max-video-preview":"max-video-preview:-1"},"canonical":"https:\/\/wp13.cours-copm2061.helha.be\/?page_id=62","og_locale":"fr_FR","og_type":"article","og_title":"Vous & nous - La Baguette foodtruck sur le campus de la HELHa.","og_description":"D\u00e9couvrez la page vous & nous de La Baguette Foodtruck : concours, moments partag\u00e9s et avis de notre communaut\u00e9. Votre exp\u00e9rience compte.","og_url":"https:\/\/wp13.cours-copm2061.helha.be\/?page_id=62","og_site_name":"La Baguette","article_modified_time":"2026-04-03T08:06:08+00:00","og_image":[{"width":983,"height":646,"url":"https:\/\/wp13.cours-copm2061.helha.be\/wp-content\/uploads\/2026\/04\/concours-im.png","type":"image\/png"}],"twitter_card":"summary_large_image","twitter_misc":{"Dur\u00e9e de lecture estim\u00e9e":"2 minutes"},"schema":{"@context":"https:\/\/schema.org","@graph":[{"@type":"WebPage","@id":"https:\/\/wp13.cours-copm2061.helha.be\/?page_id=62","url":"https:\/\/wp13.cours-copm2061.helha.be\/?page_id=62","name":"Vous & nous - La Baguette foodtruck sur le campus de la HELHa.","isPartOf":{"@id":"https:\/\/wp13.cours-copm2061.helha.be\/#website"},"primaryImageOfPage":{"@id":"https:\/\/wp13.cours-copm2061.helha.be\/?page_id=62#primaryimage"},"image":{"@id":"https:\/\/wp13.cours-copm2061.helha.be\/?page_id=62#primaryimage"},"thumbnailUrl":"https:\/\/wp13.cours-copm2061.helha.be\/wp-content\/uploads\/2026\/04\/concours-im.png","datePublished":"2026-04-02T13:55:43+00:00","dateModified":"2026-04-03T08:06:08+00:00","description":"D\u00e9couvrez la page vous & nous de La Baguette Foodtruck : concours, moments partag\u00e9s et avis de notre communaut\u00e9. Votre exp\u00e9rience compte.","breadcrumb":{"@id":"https:\/\/wp13.cours-copm2061.helha.be\/?page_id=62#breadcrumb"},"inLanguage":"fr-FR","potentialAction":[{"@type":"ReadAction","target":["https:\/\/wp13.cours-copm2061.helha.be\/?page_id=62"]}]},{"@type":"ImageObject","inLanguage":"fr-FR","@id":"https:\/\/wp13.cours-copm2061.helha.be\/?page_id=62#primaryimage","url":"https:\/\/wp13.cours-copm2061.helha.be\/wp-content\/uploads\/2026\/04\/concours-im.png","contentUrl":"https:\/\/wp13.cours-copm2061.helha.be\/wp-content\/uploads\/2026\/04\/concours-im.png","width":983,"height":646},{"@type":"BreadcrumbList","@id":"https:\/\/wp13.cours-copm2061.helha.be\/?page_id=62#breadcrumb","itemListElement":[{"@type":"ListItem","position":1,"name":"Accueil","item":"https:\/\/wp13.cours-copm2061.helha.be\/"},{"@type":"ListItem","position":2,"name":"Vous &amp; nous"}]},{"@type":"WebSite","@id":"https:\/\/wp13.cours-copm2061.helha.be\/#website","url":"https:\/\/wp13.cours-copm2061.helha.be\/","name":"La Baguette","description":"Viens me croquer","publisher":{"@id":"https:\/\/wp13.cours-copm2061.helha.be\/#organization"},"potentialAction":[{"@type":"SearchAction","target":{"@type":"EntryPoint","urlTemplate":"https:\/\/wp13.cours-copm2061.helha.be\/?s={search_term_string}"},"query-input":{"@type":"PropertyValueSpecification","valueRequired":true,"valueName":"search_term_string"}}],"inLanguage":"fr-FR"},{"@type":"Organization","@id":"https:\/\/wp13.cours-copm2061.helha.be\/#organization","name":"La Baguette","url":"https:\/\/wp13.cours-copm2061.helha.be\/","logo":{"@type":"ImageObject","inLanguage":"fr-FR","@id":"https:\/\/wp13.cours-copm2061.helha.be\/#\/schema\/logo\/image\/","url":"https:\/\/wp13.cours-copm2061.helha.be\/wp-content\/uploads\/2026\/04\/Agence-Voyage-Logo-Entreprise-Marque-Identite-Rose-Rouge-1.png","contentUrl":"https:\/\/wp13.cours-copm2061.helha.be\/wp-content\/uploads\/2026\/04\/Agence-Voyage-Logo-Entreprise-Marque-Identite-Rose-Rouge-1.png","width":2000,"height":2000,"caption":"La Baguette"},"image":{"@id":"https:\/\/wp13.cours-copm2061.helha.be\/#\/schema\/logo\/image\/"}}]}},"_links":{"self":[{"href":"https:\/\/wp13.cours-copm2061.helha.be\/index.php?rest_route=\/wp\/v2\/pages\/62","targetHints":{"allow":["GET"]}}],"collection":[{"href":"https:\/\/wp13.cours-copm2061.helha.be\/index.php?rest_route=\/wp\/v2\/pages"}],"about":[{"href":"https:\/\/wp13.cours-copm2061.helha.be\/index.php?rest_route=\/wp\/v2\/types\/page"}],"author":[{"embeddable":true,"href":"https:\/\/wp13.cours-copm2061.helha.be\/index.php?rest_route=\/wp\/v2\/users\/1"}],"replies":[{"embeddable":true,"href":"https:\/\/wp13.cours-copm2061.helha.be\/index.php?rest_route=%2Fwp%2Fv2%2Fcomments&post=62"}],"version-history":[{"count":2,"href":"https:\/\/wp13.cours-copm2061.helha.be\/index.php?rest_route=\/wp\/v2\/pages\/62\/revisions"}],"predecessor-version":[{"id":73,"href":"https:\/\/wp13.cours-copm2061.helha.be\/index.php?rest_route=\/wp\/v2\/pages\/62\/revisions\/73"}],"wp:attachment":[{"href":"https:\/\/wp13.cours-copm2061.helha.be\/index.php?rest_route=%2Fwp%2Fv2%2Fmedia&parent=62"}],"curies":[{"name":"wp","href":"https:\/\/api.w.org\/{rel}","templated":true}]}}