{"id":6,"date":"2026-03-27T14:34:22","date_gmt":"2026-03-27T13:34:22","guid":{"rendered":"https:\/\/wp13.cours-copm2061.helha.be\/?page_id=6"},"modified":"2026-04-05T18:59:49","modified_gmt":"2026-04-05T16:59:49","slug":"notre-concept","status":"publish","type":"page","link":"https:\/\/wp13.cours-copm2061.helha.be\/?page_id=6","title":{"rendered":"Notre concept"},"content":{"rendered":"\n<h2 class=\"wp-block-heading\">D&rsquo;o\u00f9 vient notre concept et qui sommes-nous?<\/h2>\n\n\n\n<p>Nous sommes, deux amis de 20 ans \u00e0 l&rsquo;origine d&rsquo;un incroyable concept. Un foodtruck parisien inspir\u00e9 par notre passion pour la cuisine fran\u00e7aise. <br>Lors d\u2019un voyage \u00e0 Paris, nous tombons amoureux de la ville. Son ambiance, son \u00e9nergie et surtout sa cuisine simple mais embl\u00e9matique. En fl\u00e2nant dans les rues, on d\u00e9couvre des combos typiquement parisiens, faits avec peu d\u2019ingr\u00e9dients mais beaucoup de go\u00fbt, comme le brie au miel. Ce foodtruck parisien est n\u00e9 de notre envie de partager l&rsquo;ambiance et les saveurs de Paris avec les \u00e9tudiants.<\/p>\n\n\n\n<p>Ce s\u00e9jour nous marque profond\u00e9ment. Paris repr\u00e9sente pour nous un art de vivre, car la nourriture est \u00e0 la fois rapide, conviviale et pleine de caract\u00e8re.<\/p>\n\n\n\n<p>De retour sur notre campus \u00e9tudiant en Belgique, une id\u00e9e na\u00eet : faire voyager les \u00e9tudiants \u00e0 Paris le temps d\u2019un sandwich.<br>C\u2019est ainsi que nous avons cr\u00e9\u00e9 notre foodtruck de sandwichs aux sp\u00e9cialit\u00e9s parisiennes. Alors bienvenu !!<\/p>\n\n\n\n<h2 class=\"wp-block-heading\">Pourquoi \u00ab\u00a0la Baguette\u00a0\u00bb ?<\/h2>\n\n\n\n<p>A propos du nom du foodtruck, <strong>\u00ab La Baguette \u00bb<\/strong>, est un clin d\u2019\u0153il assum\u00e9 et humoristique \u00e0 la fa\u00e7on dont les Anglais per\u00e7oivent les Parisiens souvent r\u00e9sum\u00e9s au mot \u00ab baguette \u00bb. Le c\u00e9l\u00e8bre \u00ab\u00a0oui oui baguette\u00a0\u00bb. Nous avons choisi de jouer avec ce st\u00e9r\u00e9otype, car c&rsquo;est une identit\u00e9 forte, simple et facilement reconnaissable.<\/p>\n\n\n\n<p>La Baguette, ce sont donc des sandwichs inspir\u00e9s de Paris, pens\u00e9s pour les \u00e9tudiants : rapides, gourmands, accessibles et authentiques. Chaque recette raconte un morceau de notre voyage et invite \u00e0 une pause parisienne au c\u0153ur du campus.<\/p>\n\n\n\n<h2 class=\"wp-block-heading\">Pas juste un sandwich\u2026<\/h2>\n\n\n\n<p>Envie de ramener l&rsquo;exp\u00e9rience jusqu&rsquo;\u00e0 chez vous ? Nous vous proposons \u00e9galement la doudou baguette ! Pens\u00e9e pour apporter du r\u00e9confort et une touche d&rsquo;humour, nos doudous baguette incarnent parfaitement l&rsquo;esprit cr\u00e9atif et humoristique de notre foodtruck.<\/p>\n\n\n\n<p>D\u00e9couvrez la <a href=\"https:\/\/www.france.fr\">culture culinaire fran\u00e7aise<\/a> sur le site officiel du tourisme.<\/p>\n\n\n\n<p>Int\u00e9ress\u00e9 ? Retrouv\u00e9 notre menu du foodtruck parisien juste <a href=\"https:\/\/wp13.cours-copm2061.helha.be\/wp-admin\/post.php?post=15&amp;action=edit\">ici <\/a><\/p>\n\n\n\n<h2 class=\"wp-block-heading\">Business model du concept <\/h2>\n\n\n\n<p>Notre foodtruck parisien concept repose \u00e9galement sur un mod\u00e8le \u00e9conomique simple et efficace. Nous r\u00e9alisons une marge sur la vente de nos sandwichs, mais aussi sur nos goodies inspir\u00e9s de Paris, comme des b\u00e9rets ou des baguettes en peluche. <\/p>\n\n\n\n<p>Par ailleurs, nous avons choisi de reverser une partie de nos b\u00e9n\u00e9fices \u00e0 des associations soutenant les jeunes entrepreneurs. Ainsi, notre projet ne se limite pas \u00e0 la vente, mais s&rsquo;inscrit aussi dans une d\u00e9marche solidaire. <\/p>\n\n\n\n<p>En r\u00e9sum\u00e9, ce qui nous d\u00e9finit : <\/p>\n\n\n\n<ul class=\"wp-block-list\">\n<li>localit\u00e9 <\/li>\n\n\n\n<li>association <\/li>\n\n\n\n<li>exp\u00e9rience immersive<\/li>\n<\/ul>\n\n\n\n<p>De plus, nous souhaitons soutenir l&rsquo;\u00e9conomie locale en collaborant avec des boulangeries, fromageries et boucheries de la r\u00e9gion de Charleroi. Ainsi, notre foodtruck parisien concept valorise \u00e0 la fois la qualit\u00e9 des produits et les circuits courts. D\u00e9couvrez <a href=\"https:\/\/www.noscollaborateur.be\">nos collaborateurs <\/a><\/p>\n\n\n\n<p>Par ailleurs, notre foodtruck parisien s&rsquo;adapte aux habitudes des \u00e9tudiants en proposant des formules rapides et pratiques, id\u00e9ales entre deux cours. De plus, nous mettons un point d&rsquo;honneur \u00e0 renouveler r\u00e9guli\u00e8rement notre offre afin de surprendre notre client\u00e8le et d&rsquo;apporter de la nouveaut\u00e9. Ainsi, chacun peut d\u00e9couvrir de nouvelles saveurs tout au long de l&rsquo;ann\u00e9e, tout en gardant les incontournables de la cuisine parisienne. Cette capacit\u00e9 d&rsquo;adaptation fait partie int\u00e9grante de l&rsquo;identit\u00e9 de notre projet. <\/p>\n\n\n\n<p><\/p>\n\n\n\n<figure class=\"wp-block-image size-full\"><img loading=\"lazy\" decoding=\"async\" width=\"985\" height=\"660\" src=\"https:\/\/wp13.cours-copm2061.helha.be\/wp-content\/uploads\/2026\/04\/Capture-decran-2026-04-01-143720.png\" alt=\"concept\" class=\"wp-image-34\" srcset=\"https:\/\/wp13.cours-copm2061.helha.be\/wp-content\/uploads\/2026\/04\/Capture-decran-2026-04-01-143720.png 985w, https:\/\/wp13.cours-copm2061.helha.be\/wp-content\/uploads\/2026\/04\/Capture-decran-2026-04-01-143720-300x201.png 300w, https:\/\/wp13.cours-copm2061.helha.be\/wp-content\/uploads\/2026\/04\/Capture-decran-2026-04-01-143720-768x515.png 768w\" sizes=\"auto, (max-width: 985px) 100vw, 985px\" \/><\/figure>\n","protected":false},"excerpt":{"rendered":"<p>D&rsquo;o\u00f9 vient notre concept et qui sommes-nous? Nous sommes, deux amis de 20 ans \u00e0 l&rsquo;origine d&rsquo;un incroyable concept. Un foodtruck parisien inspir\u00e9 par notre passion pour la cuisine fran\u00e7aise. Lors d\u2019un voyage \u00e0 Paris, nous tombons amoureux de la ville. Son ambiance, son \u00e9nergie et surtout sa cuisine simple mais embl\u00e9matique. En fl\u00e2nant dans [&hellip;]<\/p>\n","protected":false},"author":1,"featured_media":0,"parent":0,"menu_order":0,"comment_status":"closed","ping_status":"closed","template":"","meta":{"footnotes":""},"class_list":["post-6","page","type-page","status-publish","hentry"],"yoast_head":"<!-- This site is optimized with the Yoast SEO plugin v27.2 - https:\/\/yoast.com\/product\/yoast-seo-wordpress\/ -->\n<title>Notre concept - La Baguette - Foodtruck parisien - campus HELHa<\/title>\n<meta name=\"description\" content=\"D\u00e9couvrez notre concept de foodtruck parisien : des sandwichs inspir\u00e9s de Paris, des produits frais et locaux, et une exp\u00e9rience unique.\" \/>\n<meta name=\"robots\" content=\"index, follow, max-snippet:-1, max-image-preview:large, max-video-preview:-1\" \/>\n<link rel=\"canonical\" href=\"https:\/\/wp13.cours-copm2061.helha.be\/?page_id=6\" \/>\n<meta property=\"og:locale\" content=\"fr_FR\" \/>\n<meta property=\"og:type\" content=\"article\" \/>\n<meta property=\"og:title\" content=\"Notre concept - La Baguette - Foodtruck parisien - campus HELHa\" \/>\n<meta property=\"og:description\" content=\"D\u00e9couvrez notre concept de foodtruck parisien : des sandwichs inspir\u00e9s de Paris, des produits frais et locaux, et une exp\u00e9rience unique.\" \/>\n<meta property=\"og:url\" content=\"https:\/\/wp13.cours-copm2061.helha.be\/?page_id=6\" \/>\n<meta property=\"og:site_name\" content=\"La Baguette\" \/>\n<meta property=\"article:modified_time\" content=\"2026-04-05T16:59:49+00:00\" \/>\n<meta property=\"og:image\" content=\"https:\/\/wp13.cours-copm2061.helha.be\/wp-content\/uploads\/2026\/04\/Capture-decran-2026-04-01-143720.png\" \/>\n\t<meta property=\"og:image:width\" content=\"985\" \/>\n\t<meta property=\"og:image:height\" content=\"660\" \/>\n\t<meta property=\"og:image:type\" content=\"image\/png\" \/>\n<meta name=\"twitter:card\" content=\"summary_large_image\" \/>\n<meta name=\"twitter:label1\" content=\"Dur\u00e9e de lecture estim\u00e9e\" \/>\n\t<meta name=\"twitter:data1\" content=\"3 minutes\" \/>\n<script type=\"application\/ld+json\" class=\"yoast-schema-graph\">{\"@context\":\"https:\/\/schema.org\",\"@graph\":[{\"@type\":\"WebPage\",\"@id\":\"https:\/\/wp13.cours-copm2061.helha.be\/?page_id=6\",\"url\":\"https:\/\/wp13.cours-copm2061.helha.be\/?page_id=6\",\"name\":\"Notre concept - La Baguette - Foodtruck parisien - campus HELHa\",\"isPartOf\":{\"@id\":\"https:\/\/wp13.cours-copm2061.helha.be\/#website\"},\"primaryImageOfPage\":{\"@id\":\"https:\/\/wp13.cours-copm2061.helha.be\/?page_id=6#primaryimage\"},\"image\":{\"@id\":\"https:\/\/wp13.cours-copm2061.helha.be\/?page_id=6#primaryimage\"},\"thumbnailUrl\":\"https:\/\/wp13.cours-copm2061.helha.be\/wp-content\/uploads\/2026\/04\/Capture-decran-2026-04-01-143720.png\",\"datePublished\":\"2026-03-27T13:34:22+00:00\",\"dateModified\":\"2026-04-05T16:59:49+00:00\",\"description\":\"D\u00e9couvrez notre concept de foodtruck parisien : des sandwichs inspir\u00e9s de Paris, des produits frais et locaux, et une exp\u00e9rience unique.\",\"breadcrumb\":{\"@id\":\"https:\/\/wp13.cours-copm2061.helha.be\/?page_id=6#breadcrumb\"},\"inLanguage\":\"fr-FR\",\"potentialAction\":[{\"@type\":\"ReadAction\",\"target\":[\"https:\/\/wp13.cours-copm2061.helha.be\/?page_id=6\"]}]},{\"@type\":\"ImageObject\",\"inLanguage\":\"fr-FR\",\"@id\":\"https:\/\/wp13.cours-copm2061.helha.be\/?page_id=6#primaryimage\",\"url\":\"https:\/\/wp13.cours-copm2061.helha.be\/wp-content\/uploads\/2026\/04\/Capture-decran-2026-04-01-143720.png\",\"contentUrl\":\"https:\/\/wp13.cours-copm2061.helha.be\/wp-content\/uploads\/2026\/04\/Capture-decran-2026-04-01-143720.png\",\"width\":985,\"height\":660},{\"@type\":\"BreadcrumbList\",\"@id\":\"https:\/\/wp13.cours-copm2061.helha.be\/?page_id=6#breadcrumb\",\"itemListElement\":[{\"@type\":\"ListItem\",\"position\":1,\"name\":\"Accueil\",\"item\":\"https:\/\/wp13.cours-copm2061.helha.be\/\"},{\"@type\":\"ListItem\",\"position\":2,\"name\":\"Notre concept\"}]},{\"@type\":\"WebSite\",\"@id\":\"https:\/\/wp13.cours-copm2061.helha.be\/#website\",\"url\":\"https:\/\/wp13.cours-copm2061.helha.be\/\",\"name\":\"La Baguette\",\"description\":\"Viens me croquer\",\"publisher\":{\"@id\":\"https:\/\/wp13.cours-copm2061.helha.be\/#organization\"},\"potentialAction\":[{\"@type\":\"SearchAction\",\"target\":{\"@type\":\"EntryPoint\",\"urlTemplate\":\"https:\/\/wp13.cours-copm2061.helha.be\/?s={search_term_string}\"},\"query-input\":{\"@type\":\"PropertyValueSpecification\",\"valueRequired\":true,\"valueName\":\"search_term_string\"}}],\"inLanguage\":\"fr-FR\"},{\"@type\":\"Organization\",\"@id\":\"https:\/\/wp13.cours-copm2061.helha.be\/#organization\",\"name\":\"La Baguette\",\"url\":\"https:\/\/wp13.cours-copm2061.helha.be\/\",\"logo\":{\"@type\":\"ImageObject\",\"inLanguage\":\"fr-FR\",\"@id\":\"https:\/\/wp13.cours-copm2061.helha.be\/#\/schema\/logo\/image\/\",\"url\":\"https:\/\/wp13.cours-copm2061.helha.be\/wp-content\/uploads\/2026\/04\/Agence-Voyage-Logo-Entreprise-Marque-Identite-Rose-Rouge-1.png\",\"contentUrl\":\"https:\/\/wp13.cours-copm2061.helha.be\/wp-content\/uploads\/2026\/04\/Agence-Voyage-Logo-Entreprise-Marque-Identite-Rose-Rouge-1.png\",\"width\":2000,\"height\":2000,\"caption\":\"La Baguette\"},\"image\":{\"@id\":\"https:\/\/wp13.cours-copm2061.helha.be\/#\/schema\/logo\/image\/\"}}]}<\/script>\n<!-- \/ Yoast SEO plugin. -->","yoast_head_json":{"title":"Notre concept - La Baguette - Foodtruck parisien - campus HELHa","description":"D\u00e9couvrez notre concept de foodtruck parisien : des sandwichs inspir\u00e9s de Paris, des produits frais et locaux, et une exp\u00e9rience unique.","robots":{"index":"index","follow":"follow","max-snippet":"max-snippet:-1","max-image-preview":"max-image-preview:large","max-video-preview":"max-video-preview:-1"},"canonical":"https:\/\/wp13.cours-copm2061.helha.be\/?page_id=6","og_locale":"fr_FR","og_type":"article","og_title":"Notre concept - La Baguette - Foodtruck parisien - campus HELHa","og_description":"D\u00e9couvrez notre concept de foodtruck parisien : des sandwichs inspir\u00e9s de Paris, des produits frais et locaux, et une exp\u00e9rience unique.","og_url":"https:\/\/wp13.cours-copm2061.helha.be\/?page_id=6","og_site_name":"La Baguette","article_modified_time":"2026-04-05T16:59:49+00:00","og_image":[{"width":985,"height":660,"url":"https:\/\/wp13.cours-copm2061.helha.be\/wp-content\/uploads\/2026\/04\/Capture-decran-2026-04-01-143720.png","type":"image\/png"}],"twitter_card":"summary_large_image","twitter_misc":{"Dur\u00e9e de lecture estim\u00e9e":"3 minutes"},"schema":{"@context":"https:\/\/schema.org","@graph":[{"@type":"WebPage","@id":"https:\/\/wp13.cours-copm2061.helha.be\/?page_id=6","url":"https:\/\/wp13.cours-copm2061.helha.be\/?page_id=6","name":"Notre concept - La Baguette - Foodtruck parisien - campus HELHa","isPartOf":{"@id":"https:\/\/wp13.cours-copm2061.helha.be\/#website"},"primaryImageOfPage":{"@id":"https:\/\/wp13.cours-copm2061.helha.be\/?page_id=6#primaryimage"},"image":{"@id":"https:\/\/wp13.cours-copm2061.helha.be\/?page_id=6#primaryimage"},"thumbnailUrl":"https:\/\/wp13.cours-copm2061.helha.be\/wp-content\/uploads\/2026\/04\/Capture-decran-2026-04-01-143720.png","datePublished":"2026-03-27T13:34:22+00:00","dateModified":"2026-04-05T16:59:49+00:00","description":"D\u00e9couvrez notre concept de foodtruck parisien : des sandwichs inspir\u00e9s de Paris, des produits frais et locaux, et une exp\u00e9rience unique.","breadcrumb":{"@id":"https:\/\/wp13.cours-copm2061.helha.be\/?page_id=6#breadcrumb"},"inLanguage":"fr-FR","potentialAction":[{"@type":"ReadAction","target":["https:\/\/wp13.cours-copm2061.helha.be\/?page_id=6"]}]},{"@type":"ImageObject","inLanguage":"fr-FR","@id":"https:\/\/wp13.cours-copm2061.helha.be\/?page_id=6#primaryimage","url":"https:\/\/wp13.cours-copm2061.helha.be\/wp-content\/uploads\/2026\/04\/Capture-decran-2026-04-01-143720.png","contentUrl":"https:\/\/wp13.cours-copm2061.helha.be\/wp-content\/uploads\/2026\/04\/Capture-decran-2026-04-01-143720.png","width":985,"height":660},{"@type":"BreadcrumbList","@id":"https:\/\/wp13.cours-copm2061.helha.be\/?page_id=6#breadcrumb","itemListElement":[{"@type":"ListItem","position":1,"name":"Accueil","item":"https:\/\/wp13.cours-copm2061.helha.be\/"},{"@type":"ListItem","position":2,"name":"Notre concept"}]},{"@type":"WebSite","@id":"https:\/\/wp13.cours-copm2061.helha.be\/#website","url":"https:\/\/wp13.cours-copm2061.helha.be\/","name":"La Baguette","description":"Viens me croquer","publisher":{"@id":"https:\/\/wp13.cours-copm2061.helha.be\/#organization"},"potentialAction":[{"@type":"SearchAction","target":{"@type":"EntryPoint","urlTemplate":"https:\/\/wp13.cours-copm2061.helha.be\/?s={search_term_string}"},"query-input":{"@type":"PropertyValueSpecification","valueRequired":true,"valueName":"search_term_string"}}],"inLanguage":"fr-FR"},{"@type":"Organization","@id":"https:\/\/wp13.cours-copm2061.helha.be\/#organization","name":"La Baguette","url":"https:\/\/wp13.cours-copm2061.helha.be\/","logo":{"@type":"ImageObject","inLanguage":"fr-FR","@id":"https:\/\/wp13.cours-copm2061.helha.be\/#\/schema\/logo\/image\/","url":"https:\/\/wp13.cours-copm2061.helha.be\/wp-content\/uploads\/2026\/04\/Agence-Voyage-Logo-Entreprise-Marque-Identite-Rose-Rouge-1.png","contentUrl":"https:\/\/wp13.cours-copm2061.helha.be\/wp-content\/uploads\/2026\/04\/Agence-Voyage-Logo-Entreprise-Marque-Identite-Rose-Rouge-1.png","width":2000,"height":2000,"caption":"La Baguette"},"image":{"@id":"https:\/\/wp13.cours-copm2061.helha.be\/#\/schema\/logo\/image\/"}}]}},"_links":{"self":[{"href":"https:\/\/wp13.cours-copm2061.helha.be\/index.php?rest_route=\/wp\/v2\/pages\/6","targetHints":{"allow":["GET"]}}],"collection":[{"href":"https:\/\/wp13.cours-copm2061.helha.be\/index.php?rest_route=\/wp\/v2\/pages"}],"about":[{"href":"https:\/\/wp13.cours-copm2061.helha.be\/index.php?rest_route=\/wp\/v2\/types\/page"}],"author":[{"embeddable":true,"href":"https:\/\/wp13.cours-copm2061.helha.be\/index.php?rest_route=\/wp\/v2\/users\/1"}],"replies":[{"embeddable":true,"href":"https:\/\/wp13.cours-copm2061.helha.be\/index.php?rest_route=%2Fwp%2Fv2%2Fcomments&post=6"}],"version-history":[{"count":4,"href":"https:\/\/wp13.cours-copm2061.helha.be\/index.php?rest_route=\/wp\/v2\/pages\/6\/revisions"}],"predecessor-version":[{"id":77,"href":"https:\/\/wp13.cours-copm2061.helha.be\/index.php?rest_route=\/wp\/v2\/pages\/6\/revisions\/77"}],"wp:attachment":[{"href":"https:\/\/wp13.cours-copm2061.helha.be\/index.php?rest_route=%2Fwp%2Fv2%2Fmedia&parent=6"}],"curies":[{"name":"wp","href":"https:\/\/api.w.org\/{rel}","templated":true}]}}