{"id":15,"date":"2026-03-27T14:36:42","date_gmt":"2026-03-27T13:36:42","guid":{"rendered":"https:\/\/wp13.cours-copm2061.helha.be\/?page_id=15"},"modified":"2026-04-03T08:58:59","modified_gmt":"2026-04-03T06:58:59","slug":"menu","status":"publish","type":"page","link":"https:\/\/wp13.cours-copm2061.helha.be\/?page_id=15","title":{"rendered":"Menu"},"content":{"rendered":"\n<p>Voici notre menu foodtruck parisien, fait pour satisfaire la team sucr\u00e9e ET la team sal\u00e9e. Un petit peu curieux ? Retrouvez notre histoire <a href=\"https:\/\/wp13.cours-copm2061.helha.be\/wp-admin\/post.php?post=9&amp;action=edit\">ici <\/a><\/p>\n\n\n\n<p>D\u00e9couvrez le menu, compos\u00e9 de sandwichs inspir\u00e9s des sp\u00e9cialit\u00e9s fran\u00e7aise. Nous proposons des recettes simples, gourmandes. Elles sont pr\u00e9par\u00e9es avec des produits frais pour offrir aux \u00e9tudiants une pause rapide et savoureuse sur le campus.<\/p>\n\n\n\n<h2 class=\"wp-block-heading\">Menu foodtruck parisien : nos sandwichs<\/h2>\n\n\n\n<figure class=\"wp-block-image size-full is-resized\"><img loading=\"lazy\" decoding=\"async\" width=\"512\" height=\"732\" src=\"https:\/\/wp13.cours-copm2061.helha.be\/wp-content\/uploads\/2026\/04\/Capture-decran-2026-04-03-085747.png\" alt=\"Menu\" class=\"wp-image-66\" style=\"width:645px;height:auto\" srcset=\"https:\/\/wp13.cours-copm2061.helha.be\/wp-content\/uploads\/2026\/04\/Capture-decran-2026-04-03-085747.png 512w, https:\/\/wp13.cours-copm2061.helha.be\/wp-content\/uploads\/2026\/04\/Capture-decran-2026-04-03-085747-210x300.png 210w\" sizes=\"auto, (max-width: 512px) 100vw, 512px\" \/><\/figure>\n\n\n\n<p>Nous pr\u00e9parons chaque baguette avec soin. En effet, on utilise des ingr\u00e9dients frais et de qualit\u00e9 afin de garantir un go\u00fbt authentique. <\/p>\n\n\n\n<p>Nous mettons un point d&rsquo;honneur \u00e0 offrir une exp\u00e9rience rapide et conviviale aux \u00e9tudiants, tout en respectant les saveurs typique de Paris. <\/p>\n\n\n\n<p>A travers notre innovation, nous souhaitons faire d\u00e9couvrir la simplicit\u00e9 et l&rsquo;authenticit\u00e9 de la cuisine fran\u00e7aise. C&rsquo;est pourquoi chaque sandwich est pens\u00e9 pour \u00eatre \u00e0 la fois rapide, accessible et plein de go\u00fbt, afin d&rsquo;offrir une v\u00e9ritable exp\u00e9rience parisienne aux \u00e9tudiants. <\/p>\n\n\n\n<p>En nous choisissant, vous profitez d&rsquo;un moment gourmand, accessible et inspir\u00e9 directement de la culture fran\u00e7aise, sans quitter le campus. <\/p>\n\n\n\n<p>Notre menu foodtruck parisien \u00e9volue r\u00e9guli\u00e8rement afin de proposer de nouvelles recettes et surprendre les \u00e9tudiants. En effet, nous s\u00e9lectionnons avec attention des ingr\u00e9dients de qualit\u00e9 pour garantir des sandwichs savoureux et \u00e9quilibr\u00e9s. De plus, que vous soyez plut\u00f4t classique ou curieux de nouvelles saveurs, nous saura r\u00e9pondre \u00e0 toutes vos envies gourmandes sur le campus. <\/p>\n\n\n\n<p>Ainsi, d\u00e9couvrez la cuisine fran\u00e7aise qui nous a inspir\u00e9 sur le site officiel du tourisme<a href=\"https:\/\/www.france.fr\"> ici <\/a><\/p>\n\n\n\n<p>Pour toute question concernant les allerg\u00e8nes ou la composition de nos produits, n&rsquo;h\u00e9sitez pas \u00e0 vous renseigner directement aupr\u00e8s de notre \u00e9quipe. Notre foodtruck parisien reste \u00e0 votre disposition pour vous conseiller et vous garantir une exp\u00e9rience adapt\u00e9e \u00e0 vos besoins. <\/p>\n\n\n\n<p>Enfin, n&rsquo;h\u00e9sitez pas \u00e0 partager votre avis sur notre foodtruck parisien et nos sandwichs sur nos r\u00e9seaux sociaux. Vos retours sont importants pour nous permettre d&rsquo;am\u00e9liorer notre menu et de vous proposer une exp\u00e9rience toujours plus gourmande sur le campus.<\/p>\n\n\n\n<p><\/p>\n","protected":false},"excerpt":{"rendered":"<p>Voici notre menu foodtruck parisien, fait pour satisfaire la team sucr\u00e9e ET la team sal\u00e9e. Un petit peu curieux ? Retrouvez notre histoire ici D\u00e9couvrez le menu, compos\u00e9 de sandwichs inspir\u00e9s des sp\u00e9cialit\u00e9s fran\u00e7aise. Nous proposons des recettes simples, gourmandes. Elles sont pr\u00e9par\u00e9es avec des produits frais pour offrir aux \u00e9tudiants une pause rapide et [&hellip;]<\/p>\n","protected":false},"author":1,"featured_media":0,"parent":0,"menu_order":0,"comment_status":"closed","ping_status":"closed","template":"","meta":{"footnotes":""},"class_list":["post-15","page","type-page","status-publish","hentry"],"yoast_head":"<!-- This site is optimized with the Yoast SEO plugin v27.2 - https:\/\/yoast.com\/product\/yoast-seo-wordpress\/ -->\n<title>Menu foodtruck parisien - La baguette - Montignies-sur-Sambre<\/title>\n<meta name=\"description\" content=\"D\u00e9couvrez le menu de notre foodtruck parisien : sandwichs frais, recettes fran\u00e7aise et saveurs authentiques sur le campus\" \/>\n<meta name=\"robots\" content=\"index, follow, max-snippet:-1, max-image-preview:large, max-video-preview:-1\" \/>\n<link rel=\"canonical\" href=\"https:\/\/wp13.cours-copm2061.helha.be\/?page_id=15\" \/>\n<meta property=\"og:locale\" content=\"fr_FR\" \/>\n<meta property=\"og:type\" content=\"article\" \/>\n<meta property=\"og:title\" content=\"Menu foodtruck parisien - La baguette - Montignies-sur-Sambre\" \/>\n<meta property=\"og:description\" content=\"D\u00e9couvrez le menu de notre foodtruck parisien : sandwichs frais, recettes fran\u00e7aise et saveurs authentiques sur le campus\" \/>\n<meta property=\"og:url\" content=\"https:\/\/wp13.cours-copm2061.helha.be\/?page_id=15\" \/>\n<meta property=\"og:site_name\" content=\"La Baguette\" \/>\n<meta property=\"article:modified_time\" content=\"2026-04-03T06:58:59+00:00\" \/>\n<meta property=\"og:image\" content=\"https:\/\/wp13.cours-copm2061.helha.be\/wp-content\/uploads\/2026\/04\/Capture-decran-2026-04-03-085747.png\" \/>\n\t<meta property=\"og:image:width\" content=\"512\" \/>\n\t<meta property=\"og:image:height\" content=\"732\" \/>\n\t<meta property=\"og:image:type\" content=\"image\/png\" \/>\n<meta name=\"twitter:card\" content=\"summary_large_image\" \/>\n<meta name=\"twitter:label1\" content=\"Dur\u00e9e de lecture estim\u00e9e\" \/>\n\t<meta name=\"twitter:data1\" content=\"2 minutes\" \/>\n<script type=\"application\/ld+json\" class=\"yoast-schema-graph\">{\"@context\":\"https:\/\/schema.org\",\"@graph\":[{\"@type\":\"WebPage\",\"@id\":\"https:\/\/wp13.cours-copm2061.helha.be\/?page_id=15\",\"url\":\"https:\/\/wp13.cours-copm2061.helha.be\/?page_id=15\",\"name\":\"Menu foodtruck parisien - La baguette - Montignies-sur-Sambre\",\"isPartOf\":{\"@id\":\"https:\/\/wp13.cours-copm2061.helha.be\/#website\"},\"primaryImageOfPage\":{\"@id\":\"https:\/\/wp13.cours-copm2061.helha.be\/?page_id=15#primaryimage\"},\"image\":{\"@id\":\"https:\/\/wp13.cours-copm2061.helha.be\/?page_id=15#primaryimage\"},\"thumbnailUrl\":\"https:\/\/wp13.cours-copm2061.helha.be\/wp-content\/uploads\/2026\/04\/Capture-decran-2026-04-03-085747.png\",\"datePublished\":\"2026-03-27T13:36:42+00:00\",\"dateModified\":\"2026-04-03T06:58:59+00:00\",\"description\":\"D\u00e9couvrez le menu de notre foodtruck parisien : sandwichs frais, recettes fran\u00e7aise et saveurs authentiques sur le campus\",\"breadcrumb\":{\"@id\":\"https:\/\/wp13.cours-copm2061.helha.be\/?page_id=15#breadcrumb\"},\"inLanguage\":\"fr-FR\",\"potentialAction\":[{\"@type\":\"ReadAction\",\"target\":[\"https:\/\/wp13.cours-copm2061.helha.be\/?page_id=15\"]}]},{\"@type\":\"ImageObject\",\"inLanguage\":\"fr-FR\",\"@id\":\"https:\/\/wp13.cours-copm2061.helha.be\/?page_id=15#primaryimage\",\"url\":\"https:\/\/wp13.cours-copm2061.helha.be\/wp-content\/uploads\/2026\/04\/Capture-decran-2026-04-03-085747.png\",\"contentUrl\":\"https:\/\/wp13.cours-copm2061.helha.be\/wp-content\/uploads\/2026\/04\/Capture-decran-2026-04-03-085747.png\",\"width\":512,\"height\":732},{\"@type\":\"BreadcrumbList\",\"@id\":\"https:\/\/wp13.cours-copm2061.helha.be\/?page_id=15#breadcrumb\",\"itemListElement\":[{\"@type\":\"ListItem\",\"position\":1,\"name\":\"Accueil\",\"item\":\"https:\/\/wp13.cours-copm2061.helha.be\/\"},{\"@type\":\"ListItem\",\"position\":2,\"name\":\"Menu\"}]},{\"@type\":\"WebSite\",\"@id\":\"https:\/\/wp13.cours-copm2061.helha.be\/#website\",\"url\":\"https:\/\/wp13.cours-copm2061.helha.be\/\",\"name\":\"La Baguette\",\"description\":\"Viens me croquer\",\"publisher\":{\"@id\":\"https:\/\/wp13.cours-copm2061.helha.be\/#organization\"},\"potentialAction\":[{\"@type\":\"SearchAction\",\"target\":{\"@type\":\"EntryPoint\",\"urlTemplate\":\"https:\/\/wp13.cours-copm2061.helha.be\/?s={search_term_string}\"},\"query-input\":{\"@type\":\"PropertyValueSpecification\",\"valueRequired\":true,\"valueName\":\"search_term_string\"}}],\"inLanguage\":\"fr-FR\"},{\"@type\":\"Organization\",\"@id\":\"https:\/\/wp13.cours-copm2061.helha.be\/#organization\",\"name\":\"La Baguette\",\"url\":\"https:\/\/wp13.cours-copm2061.helha.be\/\",\"logo\":{\"@type\":\"ImageObject\",\"inLanguage\":\"fr-FR\",\"@id\":\"https:\/\/wp13.cours-copm2061.helha.be\/#\/schema\/logo\/image\/\",\"url\":\"https:\/\/wp13.cours-copm2061.helha.be\/wp-content\/uploads\/2026\/04\/Agence-Voyage-Logo-Entreprise-Marque-Identite-Rose-Rouge-1.png\",\"contentUrl\":\"https:\/\/wp13.cours-copm2061.helha.be\/wp-content\/uploads\/2026\/04\/Agence-Voyage-Logo-Entreprise-Marque-Identite-Rose-Rouge-1.png\",\"width\":2000,\"height\":2000,\"caption\":\"La Baguette\"},\"image\":{\"@id\":\"https:\/\/wp13.cours-copm2061.helha.be\/#\/schema\/logo\/image\/\"}}]}<\/script>\n<!-- \/ Yoast SEO plugin. -->","yoast_head_json":{"title":"Menu foodtruck parisien - La baguette - Montignies-sur-Sambre","description":"D\u00e9couvrez le menu de notre foodtruck parisien : sandwichs frais, recettes fran\u00e7aise et saveurs authentiques sur le campus","robots":{"index":"index","follow":"follow","max-snippet":"max-snippet:-1","max-image-preview":"max-image-preview:large","max-video-preview":"max-video-preview:-1"},"canonical":"https:\/\/wp13.cours-copm2061.helha.be\/?page_id=15","og_locale":"fr_FR","og_type":"article","og_title":"Menu foodtruck parisien - La baguette - Montignies-sur-Sambre","og_description":"D\u00e9couvrez le menu de notre foodtruck parisien : sandwichs frais, recettes fran\u00e7aise et saveurs authentiques sur le campus","og_url":"https:\/\/wp13.cours-copm2061.helha.be\/?page_id=15","og_site_name":"La Baguette","article_modified_time":"2026-04-03T06:58:59+00:00","og_image":[{"width":512,"height":732,"url":"https:\/\/wp13.cours-copm2061.helha.be\/wp-content\/uploads\/2026\/04\/Capture-decran-2026-04-03-085747.png","type":"image\/png"}],"twitter_card":"summary_large_image","twitter_misc":{"Dur\u00e9e de lecture estim\u00e9e":"2 minutes"},"schema":{"@context":"https:\/\/schema.org","@graph":[{"@type":"WebPage","@id":"https:\/\/wp13.cours-copm2061.helha.be\/?page_id=15","url":"https:\/\/wp13.cours-copm2061.helha.be\/?page_id=15","name":"Menu foodtruck parisien - La baguette - Montignies-sur-Sambre","isPartOf":{"@id":"https:\/\/wp13.cours-copm2061.helha.be\/#website"},"primaryImageOfPage":{"@id":"https:\/\/wp13.cours-copm2061.helha.be\/?page_id=15#primaryimage"},"image":{"@id":"https:\/\/wp13.cours-copm2061.helha.be\/?page_id=15#primaryimage"},"thumbnailUrl":"https:\/\/wp13.cours-copm2061.helha.be\/wp-content\/uploads\/2026\/04\/Capture-decran-2026-04-03-085747.png","datePublished":"2026-03-27T13:36:42+00:00","dateModified":"2026-04-03T06:58:59+00:00","description":"D\u00e9couvrez le menu de notre foodtruck parisien : sandwichs frais, recettes fran\u00e7aise et saveurs authentiques sur le campus","breadcrumb":{"@id":"https:\/\/wp13.cours-copm2061.helha.be\/?page_id=15#breadcrumb"},"inLanguage":"fr-FR","potentialAction":[{"@type":"ReadAction","target":["https:\/\/wp13.cours-copm2061.helha.be\/?page_id=15"]}]},{"@type":"ImageObject","inLanguage":"fr-FR","@id":"https:\/\/wp13.cours-copm2061.helha.be\/?page_id=15#primaryimage","url":"https:\/\/wp13.cours-copm2061.helha.be\/wp-content\/uploads\/2026\/04\/Capture-decran-2026-04-03-085747.png","contentUrl":"https:\/\/wp13.cours-copm2061.helha.be\/wp-content\/uploads\/2026\/04\/Capture-decran-2026-04-03-085747.png","width":512,"height":732},{"@type":"BreadcrumbList","@id":"https:\/\/wp13.cours-copm2061.helha.be\/?page_id=15#breadcrumb","itemListElement":[{"@type":"ListItem","position":1,"name":"Accueil","item":"https:\/\/wp13.cours-copm2061.helha.be\/"},{"@type":"ListItem","position":2,"name":"Menu"}]},{"@type":"WebSite","@id":"https:\/\/wp13.cours-copm2061.helha.be\/#website","url":"https:\/\/wp13.cours-copm2061.helha.be\/","name":"La Baguette","description":"Viens me croquer","publisher":{"@id":"https:\/\/wp13.cours-copm2061.helha.be\/#organization"},"potentialAction":[{"@type":"SearchAction","target":{"@type":"EntryPoint","urlTemplate":"https:\/\/wp13.cours-copm2061.helha.be\/?s={search_term_string}"},"query-input":{"@type":"PropertyValueSpecification","valueRequired":true,"valueName":"search_term_string"}}],"inLanguage":"fr-FR"},{"@type":"Organization","@id":"https:\/\/wp13.cours-copm2061.helha.be\/#organization","name":"La Baguette","url":"https:\/\/wp13.cours-copm2061.helha.be\/","logo":{"@type":"ImageObject","inLanguage":"fr-FR","@id":"https:\/\/wp13.cours-copm2061.helha.be\/#\/schema\/logo\/image\/","url":"https:\/\/wp13.cours-copm2061.helha.be\/wp-content\/uploads\/2026\/04\/Agence-Voyage-Logo-Entreprise-Marque-Identite-Rose-Rouge-1.png","contentUrl":"https:\/\/wp13.cours-copm2061.helha.be\/wp-content\/uploads\/2026\/04\/Agence-Voyage-Logo-Entreprise-Marque-Identite-Rose-Rouge-1.png","width":2000,"height":2000,"caption":"La Baguette"},"image":{"@id":"https:\/\/wp13.cours-copm2061.helha.be\/#\/schema\/logo\/image\/"}}]}},"_links":{"self":[{"href":"https:\/\/wp13.cours-copm2061.helha.be\/index.php?rest_route=\/wp\/v2\/pages\/15","targetHints":{"allow":["GET"]}}],"collection":[{"href":"https:\/\/wp13.cours-copm2061.helha.be\/index.php?rest_route=\/wp\/v2\/pages"}],"about":[{"href":"https:\/\/wp13.cours-copm2061.helha.be\/index.php?rest_route=\/wp\/v2\/types\/page"}],"author":[{"embeddable":true,"href":"https:\/\/wp13.cours-copm2061.helha.be\/index.php?rest_route=\/wp\/v2\/users\/1"}],"replies":[{"embeddable":true,"href":"https:\/\/wp13.cours-copm2061.helha.be\/index.php?rest_route=%2Fwp%2Fv2%2Fcomments&post=15"}],"version-history":[{"count":4,"href":"https:\/\/wp13.cours-copm2061.helha.be\/index.php?rest_route=\/wp\/v2\/pages\/15\/revisions"}],"predecessor-version":[{"id":67,"href":"https:\/\/wp13.cours-copm2061.helha.be\/index.php?rest_route=\/wp\/v2\/pages\/15\/revisions\/67"}],"wp:attachment":[{"href":"https:\/\/wp13.cours-copm2061.helha.be\/index.php?rest_route=%2Fwp%2Fv2%2Fmedia&parent=15"}],"curies":[{"name":"wp","href":"https:\/\/api.w.org\/{rel}","templated":true}]}}